{"id":1786,"date":"2023-05-09T12:57:58","date_gmt":"2023-05-09T12:57:58","guid":{"rendered":"https:\/\/immo.1001events.de\/?page_id=1786"},"modified":"2023-05-09T12:58:36","modified_gmt":"2023-05-09T12:58:36","slug":"datenshutz","status":"publish","type":"page","link":"https:\/\/immo.1001events.de\/?page_id=1786","title":{"rendered":"Datenshutz"},"content":{"rendered":"\t\t<div data-elementor-type=\"wp-page\" data-elementor-id=\"1786\" class=\"elementor elementor-1786\">\n\t\t\t\t\t\t\t\t\t<section class=\"elementor-section elementor-top-section elementor-element elementor-element-8ff47b8 elementor-section-boxed elementor-section-height-default elementor-section-height-default\" data-id=\"8ff47b8\" data-element_type=\"section\">\n\t\t\t\t\t\t<div class=\"elementor-container elementor-column-gap-default\">\n\t\t\t\t\t<div class=\"elementor-column elementor-col-100 elementor-top-column elementor-element elementor-element-0b41058\" data-id=\"0b41058\" data-element_type=\"column\">\n\t\t\t<div class=\"elementor-widget-wrap elementor-element-populated\">\n\t\t\t\t\t\t\t\t<div class=\"elementor-element elementor-element-51155b6 elementor-widget elementor-widget-text-editor\" data-id=\"51155b6\" data-element_type=\"widget\" data-widget_type=\"text-editor.default\">\n\t\t\t\t<div class=\"elementor-widget-container\">\n\t\t\t<style>\/*! elementor - v3.13.0 - 08-05-2023 *\/\n.elementor-widget-text-editor.elementor-drop-cap-view-stacked .elementor-drop-cap{background-color:#69727d;color:#fff}.elementor-widget-text-editor.elementor-drop-cap-view-framed .elementor-drop-cap{color:#69727d;border:3px solid;background-color:transparent}.elementor-widget-text-editor:not(.elementor-drop-cap-view-default) .elementor-drop-cap{margin-top:8px}.elementor-widget-text-editor:not(.elementor-drop-cap-view-default) .elementor-drop-cap-letter{width:1em;height:1em}.elementor-widget-text-editor .elementor-drop-cap{float:left;text-align:center;line-height:1;font-size:50px}.elementor-widget-text-editor .elementor-drop-cap-letter{display:inline-block}<\/style>\t\t\t\t<div><p><strong>Grundlegendes<\/strong><\/p><\/div><div><p>Diese Datenschutzerkl\u00e4rung erg\u00e4nzt die Allgemeinen Nutzungsbedingungen der Preikschat Internetmanagement und soll Sie als Nutzer dieser Website \u00fcber die Art, den Umfang und den Zweck der Erhebung und Verwendung personenbezogener Daten durch den Websitebetreiber, sind Preikschat Internetmanagement, vertreten durch den Gesch\u00e4ftsf\u00fchrer Herrn Oliver Preikschat, Schaperstr. 18, 10719 Berlin (im nachfolgend BaugutachterScout genannt) informieren:<\/p><\/div><div><p>BaugutachterScout nimmt den Schutz Ihrer personenbezogenen Daten sehr ernst, behandelt Ihre Daten vertraulich und legt gr\u00f6\u00dften Wert auf die Einhaltung der geltenden datenschutzrechtlichen Bestimmungen. Ihre personenbezogenen Daten werden nur erhoben, verarbeitet und genutzt, soweit dies f\u00fcr den Betrieb unseres Online-Angebotes erforderlich ist.<\/p><\/div><div><p>Der Umgang mit Ihren Daten erfolgt ausschlie\u00dflich zur Erf\u00fcllung der nachstehenden Zwecke.<\/p><\/div><div><p>Die folgende Erkl\u00e4rung liefert Ihnen einen \u00dcberblick, welche personenbezogenen Daten wir erheben, warum wir sie erheben und wie wir sie zur Erbringung unserer Leistungen und der Kommunikation mit Ihnen nutzen.<\/p><\/div><div><p>Da durch neue Technologien und die st\u00e4ndige Weiterentwicklung dieser Webseite \u00c4nderungen an dieser Datenschutzerkl\u00e4rung vorgenommen werden k\u00f6nnen, empfehlen wir Ihnen sich die Datenschutzerkl\u00e4rung in regelm\u00e4\u00dfigen Abst\u00e4nden wieder durchzulesen.<\/p><\/div><div><p>Definitionen der verwendeten Begriffe (z.B. ?personenbezogene Daten? oder ?Verarbeitung?) finden Sie in Art. 4 DSGVO.<\/p><\/div><div>\u00a0<\/div><div><p><strong>Zugriffsdaten<\/strong><\/p><\/div><div><p>ArchitektenScout erhebt aufgrund berechtigten Interesses (siehe Art. 6, Abs. 1, lit f. DSGVO) Daten \u00fcber Zugriffe auf die Website, die Ihr Server automatisch an uns \u00fcbermittelt und speichert diese als ?Server-Logfiles? auf dem Server der Website ab. Folgende Daten werden so protokolliert:<\/p><\/div><div><p>Browsertyp<\/p><\/div><div><p>Sprache und Version der Browsersoftware<\/p><\/div><div><p>Betriebssystem und dessen Oberfl\u00e4che<\/p><\/div><div><p>Referrer URL (Verweis auf die Website, von der Sie zu uns gelangt sind)<\/p><\/div><div><p>IP-Adresse<\/p><\/div><div><p>Datum und Uhrzeit zum Zeitpunkt des Zugriffs<\/p><\/div><div><p>Zeitzonendifferenz zur Greenwich Mean Time (GMT)<\/p><\/div><div><p>Zugriffsstatus\/HTTP-Statuscode<\/p><\/div><div><p>jeweils \u00fcbertragene Datenmenge<\/p><\/div><div><p>Durch die Anonymisierung der Daten sind R\u00fcckschl\u00fcsse auf Ihre Person nicht m\u00f6glich.<\/p><\/div><div><p>Die Erhebung von IP-Adressen erfolgt Insbesondere in gek\u00fcrzter Form. Eine Zusammenf\u00fchrung der gespeicherten Daten mit anderen Datenquellen findet nicht statt.<\/p><\/div><div>\u00a0<\/div><div><p><strong>Reichweitenmessung &amp; Cookies<\/strong><\/p><\/div><div><p>Diese Website verwendet an verschiedenen Stellen sogenannte ?Cookies? zur pseudonymisierten Reichweitenmessung, die entweder von unserem Server oder dem Server Dritter an den Browser des Nutzers \u00fcbertragen werden. Bei Cookies handelt es sich um kleine Dateien, welche auf Ihrem Endger\u00e4t gespeichert werden. Ihr Browser greift auf diese Dateien zu. Cookies k\u00f6nnen keine Programme ausf\u00fchren oder Viren auf Ihren Computer \u00fcbertragen. Durch den Einsatz von Cookies erh\u00f6ht sich die Benutzerfreundlichkeit und Sicherheit unserer Website.<\/p><\/div><div><p>G\u00e4ngige Browser bieten die Einstellungsoption Cookies grds. nicht zuzulassen. Zus\u00e4tzlich k\u00f6nnen Sie Cookies in den Browsereinstellungen Ihres Endger\u00e4ts jederzeit selbst wieder l\u00f6schen. Bitte beachten Sie jedoch, dass durch die L\u00f6schung der Cookies und\/oder die Deaktivierung der Cookie-Nutzung einzelne Funktionen unseres Angebotes m\u00f6glicherweise nicht oder nur eingeschr\u00e4nkt funktionieren.<\/p><\/div><div><p><strong>Erfassung, Verarbeitung und Speicherung personenbezogener Daten<\/strong><\/p><\/div><div>Als personenbezogene Daten gelten s\u00e4mtliche Informationen, welche dazu dienen, Ihre Person zu bestimmen und welche zu Ihnen zur\u00fcckverfolgt werden k\u00f6nnen ? also beispielsweise Ihr Name, Ihre E-Mail-Adresse und Telefonnummer.<\/div><div><p>Diese Daten erheben, speichern und nutzen wir nur auf Grundlage der Informationen, die Sie uns freiwillig oder automatisch zur Verf\u00fcgung stellen.<\/p><\/div><div><p>Diese Website k\u00f6nnen Sie auch besuchen, ohne Angaben zu Ihrer Person zu machen. Zur Verbesserung unseres Online-Angebotes speichern wir jedoch (ohne Personenbezug) Ihre Zugriffsdaten auf diese Website. Zu diesen Zugriffsdaten geh\u00f6ren z. B. die von Ihnen angeforderte Datei oder der Name Ihres Internet-Providers. Durch die Anonymisierung der Daten sind R\u00fcckschl\u00fcsse auf Ihre Person nicht m\u00f6glich.<\/p><\/div><div><p>Bei Ihrer Anmeldung zum Mitglied oder Partner werden personenbezogene Daten wie Vorname, Nachname, Geschlecht\/Anrede, Anschrift, Telefon-Nummer und E-Mail-Adresse ben\u00f6tigt. Bei der Online-Registrierung zum Basis-Partner ist dar\u00fcberhinaus die Angabe Ihrer Rechnungsanschrift erforderlich.<\/p><\/div><div><p>Diese \u00fcber das jeweilige Anmeldeformular mitgeteilten Daten (Registrierungsangaben)<\/p><\/div><div><p>werden ausschlie\u00dflich zur Abwicklung etwaiger zwischen uns geschlossener Vertr\u00e4ge und der Erbringung unserer Dienstleistungen, sowie zur Optimierung unseres Online-Angebotes erhoben, gespeichert und verwendet.<\/p><\/div><div><p>Aus technischen Gr\u00fcnden werden dar\u00fcber hinaus alle Informationen, welche Sie uns \u00fcber Formulare freiwillig \u00fcbermitteln (z.B. bei Registrierung, Einrichtung Ihres Mitglieder- oder Partnerprofils, Abgabe von Kommentaren etc.) gespeichert. Dies betrifft insbesondere Angaben zu Leistungsspektrum\/ Spezialisierungen\/ Referenzen sowie Kommentare, Nutzernamen, E-Mailadressen, Passw\u00f6rter, Links und sonstige freiwilligen Angaben und Inhalte (auch Bilder), welche Sie wissentlich \u00fcbermitteln.<br \/><br \/>Haben Sie als Partner BaugutachterScout eine Lastschrifteinzugserm\u00e4chtigung zum Einzug von Entgelten erteilt, so wird Ihre Bankverbindung durch BaugutachterScout erhoben, gespeichert und ausschlie\u00dflich zur Abwicklung des Zahlungsverkehrs verwendet.<\/p><\/div><div>Von den Besuchern unserer Website, die unser Anfragenformular zur Stellung einer kostenfreien Anfrage (im folgenden Anfrager genannt) nutzen, werden personenbezogene Daten wie Vorname, Nachname, Geschlecht\/Anrede, die vollst\u00e4ndige Anschrift, Ihre Telefon-Nummer und E-Mail-Adresse, sowie der Gegenstand des Anliegens erhoben und zur Erf\u00fcllung unserer Leistung genutzt.<p>\u00a0<\/p><\/div><div>\u00a0<\/div><div><p><strong>Weitergabe personenbezogener Daten<\/strong><\/p><\/div><div>Wir werden Ihre personenbezogenen Daten nur an Dritte weitergeben, sofern dies f\u00fcr die Vertragsabwicklung bzw. Erbringung unserer Dienstleistungen erforderlich ist, wir rechtlich dazu verpflichtet sind oder Sie in die Datenweitergabe eingewilligt haben.<\/div><div><p>F\u00fcr Anfrager :dies sind die von Ihnen bereitgestellten Daten wie: Name, Adresse, Telefonnummer, emailadresse und Informationen \u00fcber das geplante Objekt zur Vertragserf\u00fcllung an die Netzwerkpartner wie z.B. Bausachverst\u00e4ndige<\/p><\/div><div><p>F\u00fcr Netzwerkpartner: dies sind die von Ihnen bereitgestellten Daten wie: Name, Adresse,Telefonnumer, emailadresse, ihre Domaindaten und Informationen \u00fcber Ihr Leistungsspektrum der Netzwerkpartner um vertragsgem\u00e4\u00df entsprechende Bauherren und Auftragschancen bereit zu stellen und ein Online Profil Ihres B\u00fcros zu erstellen.<\/p><\/div><div>\u00a0<\/div><div><p><strong>Ihre Rechte<\/strong><br \/>Sie haben das Recht:<\/p><\/div><div><p>gem\u00e4\u00df Art. 15 DSGVO Auskunft \u00fcber Ihre von uns verarbeiteten personenbezogenen Daten zu verlangen. Insbesondere k\u00f6nnen Sie Auskunft \u00fcber die Verarbeitungszwecke, die Kategorie der personenbezogenen Daten, die Kategorien von Empf\u00e4ngern, gegen\u00fcber denen Ihre Daten offengelegt wurden oder werden, die geplante Speicherdauer, das Bestehen eines Rechts auf Berichtigung, L\u00f6schung, Einschr\u00e4nkung der Verarbeitung oder Widerspruch, das Bestehen eines Beschwerderechts, die Herkunft ihrer Daten, sofern diese nicht bei uns erhoben wurden, sowie \u00fcber das Bestehen einer automatisierten Entscheidungsfindung einschlie\u00dflich Profiling und ggf. aussagekr\u00e4ftigen Informationen zu deren Einzelheiten verlangen;<\/p><\/div><div><p>gem\u00e4\u00df Art. 16 DSGVO unverz\u00fcglich die Berichtigung unrichtiger oder Vervollst\u00e4ndigung Ihrer bei uns gespeicherten personenbezogenen Daten zu verlangen;<\/p><\/div><div><p>gem\u00e4\u00df Art. 17 DSGVO die L\u00f6schung Ihrer bei uns gespeicherten personenbezogenen Daten zu verlangen, soweit nicht die Verarbeitung zur Aus\u00fcbung des Rechts auf freie Meinungs\u00e4u\u00dferung und Information, zur Erf\u00fcllung einer rechtlichen Verpflichtung, aus Gr\u00fcnden des \u00f6ffentlichen Interesses oder zur Geltendmachung, Aus\u00fcbung oder Verteidigung von Rechtsanspr\u00fcchen erforderlich ist;<\/p><\/div><div><p>gem\u00e4\u00df Art. 18 DSGVO die Einschr\u00e4nkung der Verarbeitung Ihrer personenbezogenen Daten zu verlangen, soweit die Richtigkeit der Daten von Ihnen bestritten wird, die Verarbeitung unrechtm\u00e4\u00dfig ist, Sie aber deren L\u00f6schung ablehnen und wir die Daten nicht mehr ben\u00f6tigen, Sie jedoch diese zur Geltendmachung, Aus\u00fcbung oder Verteidigung von<\/p><\/div><div>Rechtsanspr\u00fcchen ben\u00f6tigen oder Sie gem\u00e4\u00df Art. 21 DSGVO Widerspruch gegen die Verarbeitung eingelegt haben;<\/div><div>gem\u00e4\u00df Art. 20 DSGVO Ihre personenbezogenen Daten, die Sie uns bereitgestellt haben, in einem strukturierten, g\u00e4ngigen und maschinenlesebaren Format zu erhalten oder die \u00dcbermittlung an einen anderen Verantwortlichen zu verlangen;<\/div><div>gem\u00e4\u00df Art. 7 Abs. 3 DSGVO Ihre einmal erteilte Einwilligung jederzeit gegen\u00fcber uns zu widerrufen. Dies hat zur Folge, dass wir die Datenverarbeitung, die auf dieser Einwilligung beruhte, f\u00fcr die Zukunft nicht mehr fortf\u00fchren d\u00fcrfen und<\/div><div>gem\u00e4\u00df Art. 77 DSGVO sich bei einer Aufsichtsbeh\u00f6rde zu beschweren. In der Regel k\u00f6nnen Sie sich hierf\u00fcr an die Aufsichtsbeh\u00f6rde Ihres \u00fcblichen Aufenthaltsortes oder Arbeitsplatzes oder unseres Kanzleisitzes wenden.<\/div><div>\u00a0<\/div><div><p><strong><u>Widerspruchsrecht<\/u><\/strong><br \/><br \/>Sofern Ihre personenbezogenen Daten auf Grundlage von berechtigten Interessen gem\u00e4\u00df Art. 6 Abs. 1 S. 1 lit. f DSGVO verarbeitet werden, haben Sie das Recht, gem\u00e4\u00df Art. 21 DSGVO Widerspruch gegen die Verarbeitung Ihrer personenbezogenen Daten einzulegen, soweit daf\u00fcr Gr\u00fcnde vorliegen, die sich aus Ihrer besonderen Situation ergeben oder sich der Widerspruch gegen Direktwerbung richtet. Im letzteren Fall haben Sie ein generelles Widerspruchsrecht, das ohne Angabe einer besonderen Situation von uns umgesetzt wird. M\u00f6chten Sie von Ihrem Widerrufs- oder Widerspruchsrecht Gebrauch machen, gen\u00fcgt eine E-Mail an info@baugutachterscout.de<\/p><\/div><div>\u00a0<\/div><div>\u00a0<\/div><div><p><strong>Kommentarfunktion<\/strong><\/p><\/div><div>F\u00fcr die Kommentarfunktion auf dieser Seite werden neben Ihrem Kommentar der Zeitpunkt der Erstellung des Kommentars, und das von Ihnen gew\u00e4hlte Pseudonym gespeichert. Wir speichern in unserer Datenbank keine IP-Adressen der Kommentatoren.<\/div><div>\u00a0<\/div><div><p><strong>Speicherdauer der Kommentare<\/strong><\/p><\/div><div>Die Kommentare und die damit verbundenen Daten werden gespeichert und verbleiben auf unserer Website, bis der kommentierte Inhalt vollst\u00e4ndig gel\u00f6scht wurde oder die Kommentare aus rechtlichen Gr\u00fcnden gel\u00f6scht werden m\u00fcssen (z.B. beleidigende Kommentare).<\/div><div>\u00a0<\/div><div><p><strong>Rechtsgrundlage<\/strong><\/p><\/div><div>Die Speicherung der Kommentare erfolgt auf Grundlage Ihrer Einwilligung (Art. 6 Abs. 1 lit. a DSGVO). Sie k\u00f6nnen eine von Ihnen erteilte Einwilligung jederzeit widerrufen. Dazu reicht eine formlose Mitteilung per E-Mail an uns. Die Rechtm\u00e4\u00dfigkeit der bereits erfolgten Datenverarbeitungsvorg\u00e4nge bleibt vom Widerruf unber\u00fchrt.<\/div><div><strong>Werbung<\/strong><\/div><div><strong>Google Ads<\/strong><\/div><div>Auf unserem Angebot verwenden wir dar\u00fcber hinaus das Google AdWords Conversion Tracking. Wenn Sie \u00fcber eine Anzeige auf den Seiten der Suchmaschine Google auf unser Angebot gelangen, setzt Google einen Cookie auf Ihrem Computer (?Conversion Cookie?). Auf diese Weise k\u00f6nnen sowohl Google, als auch wir erkennen, dass jemand auf eine Anzeige geklickt hat und so auf unser Angebot weitergeleitet wurde. Wir erfahren dabei nur die Gesamtanzahl der Nutzer, die auf eine Google-Anzeige geklickt haben und auf unser, mit einem Conversion-Tracking-Tag versehenes Angebot weitergeleitet wurden. Uns werden keine personenbezogenen Informationen zur Identit\u00e4t des Nutzers mitgeteilt. Wenn Sie nicht an dem Tracking-Verfahren teilnehmen m\u00f6chten, k\u00f6nnen Sie auch das hierf\u00fcr erforderliche Setzen eines Cookies ablehnen ? etwa \u00fcber Ihre Browsereinstellung, die das automatische Setzen von Cookies generell deaktiviert. Sie k\u00f6nnen Cookies f\u00fcr Conversion-Tracking auch deaktivieren, indem Sie Ihren Browser so einstellen, dass Cookies von der Domain ?googleadservices.com? blockiert werden.<\/div><div>\u00a0<\/div><div><p><strong>Bing Ads<br \/><\/strong>Auf unserem Angebot verwenden wir das Conversion Tracking, einen Service der Microsoft Corporation, One Microsoft Way, Redmond, WA 98052-6399, USA (im Folgenden ?Microsoft Bing?). Wenn Sie \u00fcber eine Anzeige auf den Internetseiten von Bing auf unser Angebot gelangen, setzt Microsoft Bing einen Cookie auf Ihrem Computer (?Conversion Cookie?). Auf diese Weise k\u00f6nnen sowohl Microsoft Bing, als auch wir erkennen, dass jemand auf eine Anzeige geklickt hat und so auf unser Angebot weitergeleitet wurde. Wir erfahren dabei nur die Gesamtzahl der Nutzer, die auf eine Microsoft Bing-Anzeige geklickt haben und weitergeleitet wurden. Uns werden keine personenbezogenen Informationen zur Identit\u00e4t des Nutzers mitgeteilt. Wenn Sie nicht an dem Tracking-Verfahren teilnehmen m\u00f6chten, k\u00f6nnen Sie auch das hierf\u00fcr erforderliche Setzen eines Cookies ablehnen ? etwa \u00fcber Ihre Browser-Einstellung, die das automatische Setzen von Cookies generell deaktiviert. Weitere Informationen zur Datenerhebung, -verarbeitung und Nutzung durch Microsoft Bing finden Sie unter: http:\/\/privacy.microsoft.com\/DE-DE\/fullnotice.mspx.<\/p><\/div><div>\u00a0<\/div><div><p><strong>Aktualit\u00e4t und \u00c4nderung dieser Datenschutzerkl\u00e4rung<\/strong><\/p><\/div><div><p>Diese Datenschutzerkl\u00e4rung ist aktuell g\u00fcltig und hat den Stand Mai 2018. Durch die Weiterentwicklung unserer Website und Angebote dar\u00fcber oder aufgrund ge\u00e4nderter gesetzlicher beziehungsweise beh\u00f6rdlicher Vorgaben kann es notwendig werden, diese Datenschutzerkl\u00e4rung zu \u00e4ndern. Die jeweils aktuelle Datenschutzerkl\u00e4rung kann jederzeit auf der Website unter www.baugutachterscout\/datenschutz von Ihnen abgerufen und ausgedruckt werden.<\/p><\/div><div>\u00a0<\/div><div><p>Berlin im Mai 2018<\/p><\/div>\t\t\t\t\t\t<\/div>\n\t\t\t\t<\/div>\n\t\t\t\t\t<\/div>\n\t\t<\/div>\n\t\t\t\t\t\t\t<\/div>\n\t\t<\/section>\n\t\t\t\t\t\t\t<\/div>\n\t\t","protected":false},"excerpt":{"rendered":"<p>Grundlegendes Diese Datenschutzerkl\u00e4rung erg\u00e4nzt die Allgemeinen Nutzungsbedingungen der Preikschat Internetmanagement und soll Sie als Nutzer dieser Website \u00fcber die Art, den Umfang und den Zweck der Erhebung und Verwendung personenbezogener Daten durch den Websitebetreiber, sind Preikschat Internetmanagement, vertreten durch den Gesch\u00e4ftsf\u00fchrer Herrn Oliver Preikschat, Schaperstr. 18, 10719 Berlin (im nachfolgend BaugutachterScout genannt) informieren: BaugutachterScout nimmt<\/p>\n","protected":false},"author":2,"featured_media":0,"parent":0,"menu_order":0,"comment_status":"closed","ping_status":"closed","template":"","meta":{"_rtcl_gb_attr":""},"aioseo_notices":[],"_links":{"self":[{"href":"https:\/\/immo.1001events.de\/index.php?rest_route=\/wp\/v2\/pages\/1786"}],"collection":[{"href":"https:\/\/immo.1001events.de\/index.php?rest_route=\/wp\/v2\/pages"}],"about":[{"href":"https:\/\/immo.1001events.de\/index.php?rest_route=\/wp\/v2\/types\/page"}],"author":[{"embeddable":true,"href":"https:\/\/immo.1001events.de\/index.php?rest_route=\/wp\/v2\/users\/2"}],"replies":[{"embeddable":true,"href":"https:\/\/immo.1001events.de\/index.php?rest_route=%2Fwp%2Fv2%2Fcomments&post=1786"}],"version-history":[{"count":0,"href":"https:\/\/immo.1001events.de\/index.php?rest_route=\/wp\/v2\/pages\/1786\/revisions"}],"wp:attachment":[{"href":"https:\/\/immo.1001events.de\/index.php?rest_route=%2Fwp%2Fv2%2Fmedia&parent=1786"}],"curies":[{"name":"wp","href":"https:\/\/api.w.org\/{rel}","templated":true}]}}