{"id":1778,"date":"2023-05-09T12:54:45","date_gmt":"2023-05-09T12:54:45","guid":{"rendered":"https:\/\/immo.1001events.de\/?page_id=1778"},"modified":"2023-05-09T12:56:24","modified_gmt":"2023-05-09T12:56:24","slug":"impressum","status":"publish","type":"page","link":"https:\/\/immo.1001events.de\/?page_id=1778","title":{"rendered":"Impressum"},"content":{"rendered":"\t\t<div data-elementor-type=\"wp-page\" data-elementor-id=\"1778\" class=\"elementor elementor-1778\">\n\t\t\t\t\t\t\t\t\t<section class=\"elementor-section elementor-top-section elementor-element elementor-element-1eb74f5 elementor-section-boxed elementor-section-height-default elementor-section-height-default\" data-id=\"1eb74f5\" data-element_type=\"section\">\n\t\t\t\t\t\t<div class=\"elementor-container elementor-column-gap-default\">\n\t\t\t\t\t<div class=\"elementor-column elementor-col-100 elementor-top-column elementor-element elementor-element-a797db1\" data-id=\"a797db1\" data-element_type=\"column\">\n\t\t\t<div class=\"elementor-widget-wrap elementor-element-populated\">\n\t\t\t\t\t\t\t\t<div class=\"elementor-element elementor-element-7c64aef elementor-widget elementor-widget-text-editor\" data-id=\"7c64aef\" data-element_type=\"widget\" data-widget_type=\"text-editor.default\">\n\t\t\t\t<div class=\"elementor-widget-container\">\n\t\t\t<style>\/*! elementor - v3.13.0 - 08-05-2023 *\/\n.elementor-widget-text-editor.elementor-drop-cap-view-stacked .elementor-drop-cap{background-color:#69727d;color:#fff}.elementor-widget-text-editor.elementor-drop-cap-view-framed .elementor-drop-cap{color:#69727d;border:3px solid;background-color:transparent}.elementor-widget-text-editor:not(.elementor-drop-cap-view-default) .elementor-drop-cap{margin-top:8px}.elementor-widget-text-editor:not(.elementor-drop-cap-view-default) .elementor-drop-cap-letter{width:1em;height:1em}.elementor-widget-text-editor .elementor-drop-cap{float:left;text-align:center;line-height:1;font-size:50px}.elementor-widget-text-editor .elementor-drop-cap-letter{display:inline-block}<\/style>\t\t\t\t<div><div><div>www.baugutachterscout.de ist eine Plattform\/Domain der:<br \/><br \/><\/div><div>\u00a0<\/div><\/div>Robin Green AG<\/div><div>Kronberger Str. 12<\/div><div>14193 Berlin<\/div><div>\u00a0<\/div><div>Tel. 030 \/ 887 087 00<\/div><div>Fax 030 \/ 887 087 029<\/div><div>\u00a0<\/div><div>E-Mail: info@robin-green.com<\/div><div>\u00a0<\/div><div>Vorstand:<\/div><div>Dipl. Wirtschaftsing. (FH) Oliver Preikschat<\/div><div>\u00a0<\/div><div>Aufsichtsrat:<\/div><div>Dipl.-Ing. (FH) Anja Preikschat (Vorsitz), J\u00f6rg Prengemann und Prof. Dr. Dr. Thomas Schneider<\/div><div>\u00a0<\/div><div>Steuernummer: 27 \/ 256 \/ 25035<\/div><div>\u00a0<\/div><div>USt-IdNr.: DE815502340<\/div><div>\u00a0<\/div><div>Sitz der Gesellschaft: Berlin, HRB 180422, AG Berlin-Charlottenburg<br \/><div><div>\u00a0<\/div><div>Haftungshinweis: Trotz sorgf\u00e4ltiger inhaltlicher Kontrolle \u00fcbernehmen wir keine Haftung f\u00fcr die Inhalte externer Links. F\u00fcr den Inhalt verlinkter Seiten sind ausschlie\u00dflich deren Betreiber verantwortlich.<\/div><div>\u00a0<\/div><div>Copyright: Die Verwendung, Vervielf\u00e4ltigung und Weitergabe der Inhalte dieser Website bedarf der ausdr\u00fccklichen Genehmigung von Preikschat Internetmanagement.<\/div><\/div><div><p>Programmierung:\u00a0<a href=\"https:\/\/www.flowdesk.de\/\">flowdesk.<\/a><\/p><\/div><\/div>\t\t\t\t\t\t<\/div>\n\t\t\t\t<\/div>\n\t\t\t\t\t<\/div>\n\t\t<\/div>\n\t\t\t\t\t\t\t<\/div>\n\t\t<\/section>\n\t\t\t\t\t\t\t<\/div>\n\t\t","protected":false},"excerpt":{"rendered":"<p>www.baugutachterscout.de ist eine Plattform\/Domain der: \u00a0Robin Green AGKronberger Str. 1214193 Berlin\u00a0Tel. 030 \/ 887 087 00Fax 030 \/ 887 087 029\u00a0E-Mail: info@robin-green.com\u00a0Vorstand:Dipl. Wirtschaftsing. (FH) Oliver Preikschat\u00a0Aufsichtsrat:Dipl.-Ing. (FH) Anja Preikschat (Vorsitz), J\u00f6rg Prengemann und Prof. Dr. Dr. Thomas Schneider\u00a0Steuernummer: 27 \/ 256 \/ 25035\u00a0USt-IdNr.: DE815502340\u00a0Sitz der Gesellschaft: Berlin, HRB 180422, AG Berlin-Charlottenburg\u00a0Haftungshinweis: Trotz sorgf\u00e4ltiger inhaltlicher Kontrolle<\/p>\n","protected":false},"author":2,"featured_media":0,"parent":0,"menu_order":0,"comment_status":"closed","ping_status":"closed","template":"","meta":{"_rtcl_gb_attr":""},"aioseo_notices":[],"_links":{"self":[{"href":"https:\/\/immo.1001events.de\/index.php?rest_route=\/wp\/v2\/pages\/1778"}],"collection":[{"href":"https:\/\/immo.1001events.de\/index.php?rest_route=\/wp\/v2\/pages"}],"about":[{"href":"https:\/\/immo.1001events.de\/index.php?rest_route=\/wp\/v2\/types\/page"}],"author":[{"embeddable":true,"href":"https:\/\/immo.1001events.de\/index.php?rest_route=\/wp\/v2\/users\/2"}],"replies":[{"embeddable":true,"href":"https:\/\/immo.1001events.de\/index.php?rest_route=%2Fwp%2Fv2%2Fcomments&post=1778"}],"version-history":[{"count":0,"href":"https:\/\/immo.1001events.de\/index.php?rest_route=\/wp\/v2\/pages\/1778\/revisions"}],"wp:attachment":[{"href":"https:\/\/immo.1001events.de\/index.php?rest_route=%2Fwp%2Fv2%2Fmedia&parent=1778"}],"curies":[{"name":"wp","href":"https:\/\/api.w.org\/{rel}","templated":true}]}}